{"id":17,"date":"2022-08-02T09:42:47","date_gmt":"2022-08-02T09:42:47","guid":{"rendered":"https:\/\/deutsches-reichsgericht.de\/?page_id=17"},"modified":"2022-08-02T09:42:48","modified_gmt":"2022-08-02T09:42:48","slug":"gesetze","status":"publish","type":"page","link":"https:\/\/deutsches-reichsgericht.de\/index.php\/gesetze\/","title":{"rendered":"Gesetze"},"content":{"rendered":"\n<p><a href=\"https:\/\/deutscherreichsanzeiger.info\/wp-content\/uploads\/Verfassung-des-Deutschen-Reichs.pdf\" target=\"_blank\" rel=\"noreferrer noopener\">Verfassung des Deutschen Reiches<\/a> (16. April 1871)<\/p>\n\n\n\n<p><a href=\"https:\/\/deutscherreichsanzeiger.info\/wp-content\/uploads\/Reichsgesetzblatt-Nr.-144-vom-28.10.1918.pdf\" target=\"_blank\" rel=\"noreferrer noopener\">Reichsgesetzblatt Nr. 144 vom 28.10.1918<\/a> (\u00c4nderung der Reichsverfassung)<\/p>\n\n\n\n<p><a href=\"https:\/\/deutscherreichsanzeiger.info\/wp-content\/uploads\/RuStAG-1913.pdf\" target=\"_blank\" rel=\"noreferrer noopener\">Reichs- und Staatsangeh\u00f6rigkeitsgesetz<\/a> (RuStAG, 22. Juli 1913)<\/p>\n\n\n\n<p><a href=\"https:\/\/deutscherreichsanzeiger.info\/wp-content\/uploads\/Buergerliches-Gesetzbuch.pdf\" target=\"_blank\" rel=\"noreferrer noopener\">B\u00fcrgerliches Gesetzbuch<\/a> (18. August 1896)<\/p>\n\n\n\n<hr class=\"wp-block-separator has-alpha-channel-opacity\"\/>\n\n\n\n<p class=\"has-medium-font-size\"><strong>Gesetze f\u00fcr das staatenlose BRD-Personal:<\/strong><\/p>\n\n\n\n<p><a href=\"https:\/\/deutscherreichsanzeiger.info\/wp-content\/uploads\/Der-Friedensvertrag-Von-Versailles-Unter-Hervorhebung-Der-Abgeaenderten-Teile-1919.pdf\" target=\"_blank\" rel=\"noreferrer noopener\">Versailler Vertrag<\/a> (28. Juni 1919)<\/p>\n\n\n\n<p><a href=\"https:\/\/deutscherreichsanzeiger.info\/wp-content\/uploads\/Erlaeuterung-zum-Artikel-146-GG.pdf\" target=\"_blank\" rel=\"noreferrer noopener\">Erl\u00e4uterung zum Artikel 146 GG<\/a><\/p>\n\n\n\n<p><a href=\"https:\/\/deutscherreichsanzeiger.info\/wp-content\/uploads\/Information-zur-rechtlichen-Lage-im-Vereinten-Wirtschaftsgebiet.pdf\" target=\"_blank\" rel=\"noreferrer noopener\">Information zur rechtlichen Lage im Vereinten Wirtschaftsgebiet<\/a><\/p>\n\n\n\n<p><a href=\"https:\/\/deutscherreichsanzeiger.info\/wp-content\/uploads\/Urteil-des-Bundesverfassungsgericht-vom-31.07.1973.pdf\" target=\"_blank\" rel=\"noreferrer noopener\">Urteil des Bundesverfassungsgericht<\/a> (31. Juli 1973)<\/p>\n\n\n\n<p><a href=\"https:\/\/deutscherreichsanzeiger.info\/wp-content\/uploads\/Alliierte-Hohe-Kommission.pdf\" target=\"_blank\" rel=\"noreferrer noopener\">Alliierte Hohe Kommission<\/a><\/p>\n\n\n\n<p><a href=\"https:\/\/deutscherreichsanzeiger.info\/wp-content\/uploads\/SHAEF-Militaergesetze.pdf\" target=\"_blank\" rel=\"noreferrer noopener\">S.H.A.E.F.-Milit\u00e4rgesetze<\/a> (18. September 1944)<\/p>\n\n\n\n<p><a href=\"https:\/\/deutscherreichsanzeiger.info\/wp-content\/uploads\/SHEAF-Gesetze-\u2013-Alliierten-Kommandantur-Stuttgart-2021-.pdf\" target=\"_blank\" rel=\"noreferrer noopener\">Alliierte Kommandantur<\/a> (2021)<\/p>\n\n\n\n<p><a href=\"https:\/\/deutscherreichsanzeiger.info\/wp-content\/uploads\/Haager-Landkriegsordnung-1907.pdf\" target=\"_blank\" rel=\"noreferrer noopener\">Abkommen, betreffend die Gesetze und Gebr\u00e4uche des Landkrieges<\/a> (Haager Landkriegsordnung, 18. Oktober 1907)<\/p>\n\n\n\n<p><a href=\"https:\/\/deutscherreichsanzeiger.info\/wp-content\/uploads\/Erstes-Gesetz-ueber-die-Bereinigung-von-Bundesrecht-2006-04-24.pdf\" target=\"_blank\" rel=\"noreferrer noopener\">1. Bundesbereinigungsgesetz<\/a> (24. April 2006)<\/p>\n\n\n\n<p><a href=\"https:\/\/deutscherreichsanzeiger.info\/wp-content\/uploads\/Zweites-Gesetz-ueber-die-Bereinigung-von-Bundesrecht-2007-11-29.pdf\" target=\"_blank\" rel=\"noreferrer noopener\">2. Bundesbereinigungsgesetz<\/a> (29. November 2007)<\/p>\n\n\n\n<p><a href=\"https:\/\/deutscherreichsanzeiger.info\/wp-content\/uploads\/Gesetz-ueber-die-weitere-Bereinigung-von-Bundesrecht-2010-12-14.pdf\" target=\"_blank\" rel=\"noreferrer noopener\">3. Bundesbereinigungsgesetz<\/a> (14. Dezember 2010)<\/p>\n\n\n\n<p><a href=\"https:\/\/deutscherreichsanzeiger.info\/wp-content\/uploads\/Zweites-Gesetz-ueber-die-weitere-Bereinigung-von-Bundesrecht-2016-07-08.pdf\" target=\"_blank\" rel=\"noreferrer noopener\">4. Bundesbereinigungsgesetz<\/a> (18. Juli 2016)<\/p>\n\n\n\n<hr class=\"wp-block-separator has-alpha-channel-opacity\"\/>\n\n\n\n<p><strong>weitere wichtige Reichsgesetze<\/strong><\/p>\n\n\n\n<p><a href=\"https:\/\/deutscherreichsanzeiger.info\/wp-content\/uploads\/Strafgesetzbuch.pdf\" target=\"_blank\" rel=\"noreferrer noopener\">Strafgesetzbuch <\/a>(26. Februar 1876)<\/p>\n\n\n\n<p><a href=\"https:\/\/deutscherreichsanzeiger.info\/wp-content\/uploads\/Civilprozessordnung.pdf\" target=\"_blank\" rel=\"noreferrer noopener\">Civilproze\u00dfordnung <\/a>(30. Januar 1877)<\/p>\n\n\n\n<p><a href=\"https:\/\/deutscherreichsanzeiger.info\/wp-content\/uploads\/Handelsgesetzbuch.pdf\" target=\"_blank\" rel=\"noreferrer noopener\">Handelsgesetzbuch <\/a>(10. Mai 1897)<\/p>\n\n\n\n<p><a href=\"https:\/\/deutscherreichsanzeiger.info\/wp-content\/uploads\/Bankgesetz.pdf\" target=\"_blank\" rel=\"noreferrer noopener\">Bankgesetz <\/a>(14. M\u00e4rz 1875)<\/p>\n\n\n\n<p><a href=\"https:\/\/deutscherreichsanzeiger.info\/wp-content\/uploads\/Gerichtskostengesetz-1898.pdf\" target=\"_blank\" rel=\"noreferrer noopener\">Gerichtskostengesetz<\/a> (20. Mai 1898) <\/p>\n\n\n\n<p><a href=\"https:\/\/deutscherreichsanzeiger.info\/wp-content\/uploads\/Gerichtsverfassungsgesetz.pdf\" target=\"_blank\" rel=\"noreferrer noopener\">Gerichtsverfassungsgesetz <\/a>(27. Januar 1877)<\/p>\n\n\n\n<p><a href=\"https:\/\/deutscherreichsanzeiger.info\/wp-content\/uploads\/Muenzgesetz.pdf\" target=\"_blank\" rel=\"noreferrer noopener\">M\u00fcnzgesetz <\/a>(9. Juli 1873)<\/p>\n\n\n\n<p><a href=\"https:\/\/deutscherreichsanzeiger.info\/wp-content\/uploads\/Patentgesetz.pdf\" target=\"_blank\" rel=\"noreferrer noopener\">Patentgesetz <\/a>(25. Mai 1877)<\/p>\n\n\n\n<p><a href=\"https:\/\/deutscherreichsanzeiger.info\/wp-content\/uploads\/Weltpostvertrag._Vom_26._Mai_1906.pdf\" target=\"_blank\" rel=\"noreferrer noopener\">Weltpostvertrag <\/a>(25. Mai 1906)<\/p>\n\n\n\n<p><a href=\"https:\/\/deutscherreichsanzeiger.info\/wp-content\/uploads\/Gesetz_ueber_die_Zwangsversteigerung_und_die_Zwangsverwaltung_1898.pdf\" target=\"_blank\" rel=\"noreferrer noopener\">Gesetz \u00fcber die Zwangsversteigerung und die Zwangsverwaltung<\/a> (20. Mai 1898)<\/p>\n\n\n\n<p><a href=\"https:\/\/deutscherreichsanzeiger.info\/wp-content\/uploads\/Konkursordnung-1898.pdf\" target=\"_blank\" rel=\"noreferrer noopener\">Konkursordnung <\/a>(20. Mai 1898)<\/p>\n\n\n\n<p><a href=\"https:\/\/deutscherreichsanzeiger.info\/wp-content\/uploads\/Einfuehrungsgesetz-zum-Buergerlichen-Gesetzbuch.pdf\" target=\"_blank\" rel=\"noreferrer noopener\">Einf\u00fchrungsgesetz zum B\u00fcrgerlichen Gesetzbuch <\/a>(18. August 1896)<\/p>\n\n\n\n<p><a href=\"https:\/\/deutscherreichsanzeiger.info\/wp-content\/uploads\/Gesetz_betreffend_die_Einfuehrung_der_Civilprozessordnung.pdf\" target=\"_blank\" rel=\"noreferrer noopener\">Gesetz, betreffend die Einf\u00fchrung der Civilproze\u00dfordnung<\/a> (19. Februar 1877)<\/p>\n\n\n\n<p><a href=\"https:\/\/deutscherreichsanzeiger.info\/wp-content\/uploads\/Einfuehrungsgesetz-zum-Militaer-Strafgesetzbuche-fuer-das-Deutsche-Reich-20.-Juni-1872.pdf\" target=\"_blank\" rel=\"noreferrer noopener\">Einf\u00fchrungsgesetz zum Milit\u00e4r-Strafgesetzbuche f\u00fcr das Deutsche Reich<\/a> (20. Juni 1872)<\/p>\n\n\n\n<p><a href=\"https:\/\/deutscherreichsanzeiger.info\/wp-content\/uploads\/Militaer-Strafgesetzbuch_fuer_das_Deutsche_Reich.pdf\" target=\"_blank\" rel=\"noreferrer noopener\">Milit\u00e4r-Strafgesetzbuch f\u00fcr das Deutsche Reich<\/a> (Juni 1872)<\/p>\n\n\n\n<p><a href=\"https:\/\/deutscherreichsanzeiger.info\/wp-content\/uploads\/Einfuehrungsgesetz-zur-Militaerstrafgerichtsordnung-1.-Dezember-1898.pdf\" target=\"_blank\" rel=\"noreferrer noopener\">Einf\u00fchrungsgesetz zur Milit\u00e4rstrafgerichtsordnung<\/a> (1. Dezember 1898)<\/p>\n\n\n\n<p><a href=\"https:\/\/deutscherreichsanzeiger.info\/wp-content\/uploads\/Militaerstrafgerichtsordnung.pdf\" target=\"_blank\" rel=\"noreferrer noopener\">Milit\u00e4rstrafgerichtsordnung<\/a><a href=\"https:\/\/deutscherreichsanzeiger.info\/wp-content\/uploads\/Militarstrafgerichtsordnung.pdf\" target=\"_blank\" rel=\"noreferrer noopener\"> <\/a>(1. Dezember 1898)<\/p>\n\n\n\n<p><a href=\"https:\/\/deutscherreichsanzeiger.info\/wp-content\/uploads\/Gesetz_betreffend_Aenderungen_des_Gerichtsverfassungsgesetzes_und_der_Strafprozessordnung.pdf\" target=\"_blank\" rel=\"noreferrer noopener\">Gesetz, betreffend Aenderungen des Gerichtsverfassungsgesetzes und der Strafproze\u00dfordnung<\/a> (17. Mai 1898)<\/p>\n\n\n\n<p><a href=\"https:\/\/deutscherreichsanzeiger.info\/wp-content\/uploads\/Gesetz_ueber_den_Versicherungsvertrag.pdf\" target=\"_blank\" rel=\"noreferrer noopener\">Gesetz \u00fcber den Versicherungsvertrag<\/a> (30. Mai 1908)<\/p>\n\n\n\n<p><a href=\"https:\/\/deutscherreichsanzeiger.info\/wp-content\/uploads\/Gesetz_ueber_die_Konsulargerichtsbarkeit._Vom_7._April_1900.pdf\" target=\"_blank\" rel=\"noreferrer noopener\">Gesetz \u00fcber die Konsulargerichtsbarkeit<\/a> (7. April 1900)<\/p>\n\n\n\n<p><a href=\"https:\/\/deutscherreichsanzeiger.info\/wp-content\/uploads\/Vereinsgesetz.pdf\" target=\"_blank\" rel=\"noreferrer noopener\">Vereinsgesetz <\/a>(19. April 1908)<\/p>\n","protected":false},"excerpt":{"rendered":"<p>Verfassung des Deutschen Reiches (16. April 1871) Reichsgesetzblatt Nr. 144 vom 28.10.1918 (\u00c4nderung der Reichsverfassung) Reichs- und Staatsangeh\u00f6rigkeitsgesetz (RuStAG, 22. Juli 1913) B\u00fcrgerliches Gesetzbuch (18. August 1896) Gesetze f\u00fcr das staatenlose BRD-Personal: Versailler Vertrag (28. Juni 1919) Erl\u00e4uterung zum Artikel 146 GG Information zur rechtlichen Lage im Vereinten Wirtschaftsgebiet Urteil des Bundesverfassungsgericht (31. Juli 1973) &#8230; <a title=\"Gesetze\" class=\"read-more\" href=\"https:\/\/deutsches-reichsgericht.de\/index.php\/gesetze\/\" aria-label=\"Mehr zu Gesetze\">Weiterlesen &#8230;<\/a><\/p>\n","protected":false},"author":1,"featured_media":0,"parent":0,"menu_order":0,"comment_status":"closed","ping_status":"closed","template":"","meta":{"footnotes":""},"class_list":["post-17","page","type-page","status-publish"],"_links":{"self":[{"href":"https:\/\/deutsches-reichsgericht.de\/index.php\/wp-json\/wp\/v2\/pages\/17","targetHints":{"allow":["GET"]}}],"collection":[{"href":"https:\/\/deutsches-reichsgericht.de\/index.php\/wp-json\/wp\/v2\/pages"}],"about":[{"href":"https:\/\/deutsches-reichsgericht.de\/index.php\/wp-json\/wp\/v2\/types\/page"}],"author":[{"embeddable":true,"href":"https:\/\/deutsches-reichsgericht.de\/index.php\/wp-json\/wp\/v2\/users\/1"}],"replies":[{"embeddable":true,"href":"https:\/\/deutsches-reichsgericht.de\/index.php\/wp-json\/wp\/v2\/comments?post=17"}],"version-history":[{"count":1,"href":"https:\/\/deutsches-reichsgericht.de\/index.php\/wp-json\/wp\/v2\/pages\/17\/revisions"}],"predecessor-version":[{"id":19,"href":"https:\/\/deutsches-reichsgericht.de\/index.php\/wp-json\/wp\/v2\/pages\/17\/revisions\/19"}],"wp:attachment":[{"href":"https:\/\/deutsches-reichsgericht.de\/index.php\/wp-json\/wp\/v2\/media?parent=17"}],"curies":[{"name":"wp","href":"https:\/\/api.w.org\/{rel}","templated":true}]}}